{"id":141,"date":"2018-08-06T18:31:02","date_gmt":"2018-08-06T16:31:02","guid":{"rendered":"https:\/\/weisermilan.de\/?page_id=141"},"modified":"2020-08-04T16:19:30","modified_gmt":"2020-08-04T14:19:30","slug":"ausruestung-schiessstand","status":"publish","type":"page","link":"https:\/\/weissermilan.de\/?page_id=141","title":{"rendered":"Ausr\u00fcstung: Schie\u00dfstand"},"content":{"rendered":"\n<div class=\"wp-block-image\"><figure class=\"aligncenter size-large is-resized\"><img loading=\"lazy\" src=\"https:\/\/weissermilan.de\/wp-content\/uploads\/2020\/08\/200730Schie\u00dfstandausr\u00fcstung-1024x769.jpg\" alt=\"\" class=\"wp-image-881\" width=\"768\" height=\"577\" srcset=\"https:\/\/weissermilan.de\/wp-content\/uploads\/2020\/08\/200730Schie\u00dfstandausr\u00fcstung-1024x769.jpg 1024w, https:\/\/weissermilan.de\/wp-content\/uploads\/2020\/08\/200730Schie\u00dfstandausr\u00fcstung-300x225.jpg 300w, https:\/\/weissermilan.de\/wp-content\/uploads\/2020\/08\/200730Schie\u00dfstandausr\u00fcstung-768x577.jpg 768w, https:\/\/weissermilan.de\/wp-content\/uploads\/2020\/08\/200730Schie\u00dfstandausr\u00fcstung-1536x1153.jpg 1536w, https:\/\/weissermilan.de\/wp-content\/uploads\/2020\/08\/200730Schie\u00dfstandausr\u00fcstung-2048x1537.jpg 2048w\" sizes=\"(max-width: 768px) 100vw, 768px\" \/><figcaption><em>Es macht Sinn, die wichtigsten Dinge f\u00fcr den Schie\u00dfstand in einem Rucksack oder einer Tasche immer beisammen zu haben.<\/em><\/figcaption><\/figure><\/div>\n\n\n\n<p>Schie\u00dfstandbesuche kosten Zeit und Geld. Dar\u00fcber hinaus gibt es &#8211; je nach Waffe\/Disziplin &#8211; h\u00e4ufig nur ein begrenztes Angebot an Schie\u00dfterminen im Jahr. Umso nerviger ist es dann, wenn die Freude am Schie\u00dfstand durch eine scheinbar unbedeutende Kleinigkeit getr\u00fcbt wird. Wie k\u00fcrzlich bei einem Kameraden: Seine M\u00fcndungsbremse hatte sich gelockert und er hatte den zum Festziehen notwendigen 2 mm Sechskantschl\u00fcssel nicht dabei. Auch keiner der anderen Sch\u00fctzen konnte helfen, wodurch der Schie\u00dfstandbesuch f\u00fcr besagten Kollegen vorzeitig beendet war.<\/p>\n\n\n\n<p>Dabei lassen sich die meisten solcher Erlebnisse mit recht einfachen Mitteln verhindern. Denkbar w\u00e4re hier eine Checkliste f\u00fcr den Schie\u00dfstand oder noch besser, eine immer gepackte Schie\u00dftasche oder ein Rucksack. Darin k\u00f6nnen zumindest die meisten Utensilien dauerhaft aufbewahrt werden.  Das spart Zeit und Nerven. (Waffen und Munition werden selbstverst\u00e4ndlich gesetzeskonform aufbewahrt!)<\/p>\n\n\n\n<p>Nachfolgende Listen sollen hierf\u00fcr eine Hilfestellung geben.<\/p>\n\n\n\n<div style=\"height:50px\" aria-hidden=\"true\" class=\"wp-block-spacer\"><\/div>\n\n\n\n<h2>Minimalausstattung<\/h2>\n\n\n\n<ul><li>PSA (Geh\u00f6rschutz und Schutzbrille)<\/li><li>Waffe (ggf. Ent\u00f6len nicht vergessen)<\/li><li>gesetzeskonformer Waffentransportbeh\u00e4lter (zur Sicherheit abschlie\u00dfbar, z.B. mit einem Zahlenschloss, dann kann der Schl\u00fcssel nicht vergessen werden)<\/li><li>ausreichend Munition f\u00fcr den geplanten Besuch plus ein bisschen mehr, falls die Freude sehr gro\u00df ist \ud83d\ude09<\/li><li>Dokumente (Personalausweis\/Pass, WBK(&#8217;s), ggf. Jagdschein, ggf. Sch\u00fctzenausweis)<\/li><li>Minimalwerkzeugsatz f\u00fcr die wichtigsten Ma\u00dfnahmen an der Waffe (Visierjustierung, grobes Zerlegen, St\u00f6rungsbehebung),<\/li><li>ggf. Ersatzbatterien (z.B. f\u00fcr ein Leuchtpunktvisier)<\/li><\/ul>\n\n\n\n<h4>Falls nicht bereits am Stand verf\u00fcgbar, darf nat\u00fcrlich folgendes nicht fehlen<\/h4>\n\n\n\n<ul><li>Schusspflaster oder Textmarker zum Treffer abkleben bzw. markieren<\/li><li>Zielscheiben, siehe <a href=\"https:\/\/weissermilan.de\/?page_id=720\">Downloads<\/a><\/li><li>Befestigungsm\u00f6glichkeit f\u00fcr Zielscheiben, z.B. Tacker und Ersatzklammern<\/li><\/ul>\n\n\n\n<div style=\"height:50px\" aria-hidden=\"true\" class=\"wp-block-spacer\"><\/div>\n\n\n\n<h2>Weitere n\u00fctzliche Dinge<\/h2>\n\n\n\n<ul><li>(Zerlegbarer) Reinigungsstock zum Beheben von St\u00f6rungen<\/li><li>Schreibzeug, z.B. um Ergebnisse zu notieren<\/li><li>Reinigungsschnur<\/li><li>Schie\u00dfbuch<\/li><li>speziell bei Kurzwaffen<ul><li>Speedloader<\/li><li>Pufferpatronen<\/li><li>noch mehr Munition \ud83d\ude09<\/li><\/ul><\/li><li>speziell bei Langwaffen<ul><li>Auflagehilfen (Zweibein, Sandsack, &#8230;)<\/li><li>H\u00fclsenfangsack (bei Selbstladeb\u00fcchsen)<\/li><li>Gewehrriemen (wenn ben\u00f6tigt und am Stand zul\u00e4ssig)<\/li><li>Flimmerband<\/li><\/ul><\/li><\/ul>\n\n\n\n<div style=\"height:50px\" aria-hidden=\"true\" class=\"wp-block-spacer\"><\/div>\n\n\n\n<div class=\"wp-block-image\"><figure class=\"alignleft size-large is-resized\"><img loading=\"lazy\" src=\"https:\/\/weissermilan.de\/wp-content\/uploads\/2020\/07\/200730Verschlusst\u00fcte-1-1024x678.jpg\" alt=\"Die getrennte Aufbewahrung eines wesentlichen Waffenteils w\u00e4hrend dem Transport erh\u00f6ht die Sicherheit.\" class=\"wp-image-775\" width=\"512\" height=\"339\" srcset=\"https:\/\/weissermilan.de\/wp-content\/uploads\/2020\/07\/200730Verschlusst\u00fcte-1-1024x678.jpg 1024w, https:\/\/weissermilan.de\/wp-content\/uploads\/2020\/07\/200730Verschlusst\u00fcte-1-300x200.jpg 300w, https:\/\/weissermilan.de\/wp-content\/uploads\/2020\/07\/200730Verschlusst\u00fcte-1-768x508.jpg 768w, https:\/\/weissermilan.de\/wp-content\/uploads\/2020\/07\/200730Verschlusst\u00fcte-1-1536x1017.jpg 1536w, https:\/\/weissermilan.de\/wp-content\/uploads\/2020\/07\/200730Verschlusst\u00fcte-1-2048x1355.jpg 2048w, https:\/\/weissermilan.de\/wp-content\/uploads\/2020\/07\/200730Verschlusst\u00fcte-1-90x60.jpg 90w\" sizes=\"(max-width: 512px) 100vw, 512px\" \/><figcaption><em>Die getrennte Aufbewahrung eines wesentlichen Waffenteils w\u00e4hrend dem Transport erh\u00f6ht die Sicherheit.<\/em><\/figcaption><\/figure><\/div>\n\n\n\n<p>Seit der Novelle des Waffengesetzes 2017 habe ich auch immer eine Plastikt\u00fcte f\u00fcr den Verschluss dabei. Damit habe ich die M\u00f6glichkeit, diesen separat von der Waffe bei mir zu tragen. Das ist dann sinnvoll, wenn sich die Waffe z.B. vor\u00fcbergehend unbeaufsichtigt im Fahrzeug befindet. Wird die Waffe entwendet, kann der Dieb damit nichts anfangen, da ihm ein relevantes Waffenteil fehlt. Diese M\u00f6glichkeit hat der Gesetzgeber 2017 bewusst geschaffen. Das &#8222;F\u00fchren&#8220; des relevanten Teils bedarf in diesem Rahmen keiner Erlaubnis.<\/p>\n\n\n\n<p>Dies ist keine Rechtsberatung, keine Gew\u00e4hr f\u00fcr die Richtigkeit der Angaben!<\/p>\n","protected":false},"excerpt":{"rendered":"<p>Schie\u00dfstandbesuche kosten Zeit und Geld. Dar\u00fcber hinaus gibt es &#8211; je nach Waffe\/Disziplin &#8211; h\u00e4ufig nur ein begrenztes Angebot an Schie\u00dfterminen im Jahr. Umso nerviger ist es dann, wenn die&hellip;<\/p>\n<div class=\"read-more-wrap\"><a class=\"read-more\" href=\"https:\/\/weissermilan.de\/?page_id=141\">Read More<\/a><\/div>\n","protected":false},"author":1,"featured_media":0,"parent":101,"menu_order":2,"comment_status":"closed","ping_status":"closed","template":"","meta":[],"yoast_head":"<!-- This site is optimized with the Yoast SEO plugin v19.4 - https:\/\/yoast.com\/wordpress\/plugins\/seo\/ -->\n<title>Ausr\u00fcstung Schie\u00dfstand<\/title>\n<meta name=\"robots\" content=\"index, follow, max-snippet:-1, max-image-preview:large, max-video-preview:-1\" \/>\n<link rel=\"canonical\" href=\"https:\/\/weissermilan.de\/?page_id=141\" \/>\n<meta property=\"og:locale\" content=\"de_DE\" \/>\n<meta property=\"og:type\" content=\"article\" \/>\n<meta property=\"og:title\" content=\"Ausr\u00fcstung Schie\u00dfstand\" \/>\n<meta property=\"og:description\" content=\"Schie\u00dfstandbesuche kosten Zeit und Geld. Dar\u00fcber hinaus gibt es &#8211; je nach Waffe\/Disziplin &#8211; h\u00e4ufig nur ein begrenztes Angebot an Schie\u00dfterminen im Jahr. Umso nerviger ist es dann, wenn die&hellip;Read More\" \/>\n<meta property=\"og:url\" content=\"https:\/\/weissermilan.de\/?page_id=141\" \/>\n<meta property=\"article:modified_time\" content=\"2020-08-04T14:19:30+00:00\" \/>\n<meta property=\"og:image\" content=\"https:\/\/weissermilan.de\/wp-content\/uploads\/2020\/08\/200730Schie\u00dfstandausr\u00fcstung-1024x769.jpg\" \/>\n<meta name=\"twitter:card\" content=\"summary_large_image\" \/>\n<meta name=\"twitter:label1\" content=\"Gesch\u00e4tzte Lesezeit\" \/>\n\t<meta name=\"twitter:data1\" content=\"2\u00a0Minuten\" \/>\n<script type=\"application\/ld+json\" class=\"yoast-schema-graph\">{\"@context\":\"https:\/\/schema.org\",\"@graph\":[{\"@type\":\"Organization\",\"@id\":\"https:\/\/weissermilan.de\/#organization\",\"name\":\"WeisserMilan.de\",\"url\":\"https:\/\/weissermilan.de\/\",\"sameAs\":[],\"logo\":{\"@type\":\"ImageObject\",\"inLanguage\":\"de\",\"@id\":\"https:\/\/weissermilan.de\/#\/schema\/logo\/image\/\",\"url\":\"https:\/\/weissermilan.de\/wp-content\/uploads\/2018\/07\/milanlogo_transp.gif\",\"contentUrl\":\"https:\/\/weissermilan.de\/wp-content\/uploads\/2018\/07\/milanlogo_transp.gif\",\"width\":788,\"height\":788,\"caption\":\"WeisserMilan.de\"},\"image\":{\"@id\":\"https:\/\/weissermilan.de\/#\/schema\/logo\/image\/\"}},{\"@type\":\"WebSite\",\"@id\":\"https:\/\/weissermilan.de\/#website\",\"url\":\"https:\/\/weissermilan.de\/\",\"name\":\"\",\"description\":\"\",\"publisher\":{\"@id\":\"https:\/\/weissermilan.de\/#organization\"},\"potentialAction\":[{\"@type\":\"SearchAction\",\"target\":{\"@type\":\"EntryPoint\",\"urlTemplate\":\"https:\/\/weissermilan.de\/?s={search_term_string}\"},\"query-input\":\"required name=search_term_string\"}],\"inLanguage\":\"de\"},{\"@type\":\"WebPage\",\"@id\":\"https:\/\/weissermilan.de\/?page_id=141\",\"url\":\"https:\/\/weissermilan.de\/?page_id=141\",\"name\":\"Ausr\u00fcstung Schie\u00dfstand\",\"isPartOf\":{\"@id\":\"https:\/\/weissermilan.de\/#website\"},\"datePublished\":\"2018-08-06T16:31:02+00:00\",\"dateModified\":\"2020-08-04T14:19:30+00:00\",\"breadcrumb\":{\"@id\":\"https:\/\/weissermilan.de\/?page_id=141#breadcrumb\"},\"inLanguage\":\"de\",\"potentialAction\":[{\"@type\":\"ReadAction\",\"target\":[\"https:\/\/weissermilan.de\/?page_id=141\"]}]},{\"@type\":\"BreadcrumbList\",\"@id\":\"https:\/\/weissermilan.de\/?page_id=141#breadcrumb\",\"itemListElement\":[{\"@type\":\"ListItem\",\"position\":1,\"name\":\"Startseite\",\"item\":\"https:\/\/weissermilan.de\/\"},{\"@type\":\"ListItem\",\"position\":2,\"name\":\"Waffen\",\"item\":\"https:\/\/weissermilan.de\/?page_id=101\"},{\"@type\":\"ListItem\",\"position\":3,\"name\":\"Ausr\u00fcstung: Schie\u00dfstand\"}]}]}<\/script>\n<!-- \/ Yoast SEO plugin. -->","yoast_head_json":{"title":"Ausr\u00fcstung Schie\u00dfstand","robots":{"index":"index","follow":"follow","max-snippet":"max-snippet:-1","max-image-preview":"max-image-preview:large","max-video-preview":"max-video-preview:-1"},"canonical":"https:\/\/weissermilan.de\/?page_id=141","og_locale":"de_DE","og_type":"article","og_title":"Ausr\u00fcstung Schie\u00dfstand","og_description":"Schie\u00dfstandbesuche kosten Zeit und Geld. Dar\u00fcber hinaus gibt es &#8211; je nach Waffe\/Disziplin &#8211; h\u00e4ufig nur ein begrenztes Angebot an Schie\u00dfterminen im Jahr. Umso nerviger ist es dann, wenn die&hellip;Read More","og_url":"https:\/\/weissermilan.de\/?page_id=141","article_modified_time":"2020-08-04T14:19:30+00:00","og_image":[{"url":"https:\/\/weissermilan.de\/wp-content\/uploads\/2020\/08\/200730Schie\u00dfstandausr\u00fcstung-1024x769.jpg"}],"twitter_card":"summary_large_image","twitter_misc":{"Gesch\u00e4tzte Lesezeit":"2\u00a0Minuten"},"schema":{"@context":"https:\/\/schema.org","@graph":[{"@type":"Organization","@id":"https:\/\/weissermilan.de\/#organization","name":"WeisserMilan.de","url":"https:\/\/weissermilan.de\/","sameAs":[],"logo":{"@type":"ImageObject","inLanguage":"de","@id":"https:\/\/weissermilan.de\/#\/schema\/logo\/image\/","url":"https:\/\/weissermilan.de\/wp-content\/uploads\/2018\/07\/milanlogo_transp.gif","contentUrl":"https:\/\/weissermilan.de\/wp-content\/uploads\/2018\/07\/milanlogo_transp.gif","width":788,"height":788,"caption":"WeisserMilan.de"},"image":{"@id":"https:\/\/weissermilan.de\/#\/schema\/logo\/image\/"}},{"@type":"WebSite","@id":"https:\/\/weissermilan.de\/#website","url":"https:\/\/weissermilan.de\/","name":"","description":"","publisher":{"@id":"https:\/\/weissermilan.de\/#organization"},"potentialAction":[{"@type":"SearchAction","target":{"@type":"EntryPoint","urlTemplate":"https:\/\/weissermilan.de\/?s={search_term_string}"},"query-input":"required name=search_term_string"}],"inLanguage":"de"},{"@type":"WebPage","@id":"https:\/\/weissermilan.de\/?page_id=141","url":"https:\/\/weissermilan.de\/?page_id=141","name":"Ausr\u00fcstung Schie\u00dfstand","isPartOf":{"@id":"https:\/\/weissermilan.de\/#website"},"datePublished":"2018-08-06T16:31:02+00:00","dateModified":"2020-08-04T14:19:30+00:00","breadcrumb":{"@id":"https:\/\/weissermilan.de\/?page_id=141#breadcrumb"},"inLanguage":"de","potentialAction":[{"@type":"ReadAction","target":["https:\/\/weissermilan.de\/?page_id=141"]}]},{"@type":"BreadcrumbList","@id":"https:\/\/weissermilan.de\/?page_id=141#breadcrumb","itemListElement":[{"@type":"ListItem","position":1,"name":"Startseite","item":"https:\/\/weissermilan.de\/"},{"@type":"ListItem","position":2,"name":"Waffen","item":"https:\/\/weissermilan.de\/?page_id=101"},{"@type":"ListItem","position":3,"name":"Ausr\u00fcstung: Schie\u00dfstand"}]}]}},"_links":{"self":[{"href":"https:\/\/weissermilan.de\/index.php?rest_route=\/wp\/v2\/pages\/141"}],"collection":[{"href":"https:\/\/weissermilan.de\/index.php?rest_route=\/wp\/v2\/pages"}],"about":[{"href":"https:\/\/weissermilan.de\/index.php?rest_route=\/wp\/v2\/types\/page"}],"author":[{"embeddable":true,"href":"https:\/\/weissermilan.de\/index.php?rest_route=\/wp\/v2\/users\/1"}],"replies":[{"embeddable":true,"href":"https:\/\/weissermilan.de\/index.php?rest_route=%2Fwp%2Fv2%2Fcomments&post=141"}],"version-history":[{"count":9,"href":"https:\/\/weissermilan.de\/index.php?rest_route=\/wp\/v2\/pages\/141\/revisions"}],"predecessor-version":[{"id":911,"href":"https:\/\/weissermilan.de\/index.php?rest_route=\/wp\/v2\/pages\/141\/revisions\/911"}],"up":[{"embeddable":true,"href":"https:\/\/weissermilan.de\/index.php?rest_route=\/wp\/v2\/pages\/101"}],"wp:attachment":[{"href":"https:\/\/weissermilan.de\/index.php?rest_route=%2Fwp%2Fv2%2Fmedia&parent=141"}],"curies":[{"name":"wp","href":"https:\/\/api.w.org\/{rel}","templated":true}]}}