{"id":241,"date":"2018-08-13T10:23:45","date_gmt":"2018-08-13T08:23:45","guid":{"rendered":"https:\/\/weisermilan.de\/?page_id=241"},"modified":"2020-08-04T16:22:28","modified_gmt":"2020-08-04T14:22:28","slug":"rohr-und-schiessbuch","status":"publish","type":"page","link":"https:\/\/weissermilan.de\/?page_id=241","title":{"rendered":"Datenbuch"},"content":{"rendered":"\n<p>Der Begriff Datenbuch kommt urspr\u00fcnglich aus dem Scharfsch\u00fctzenwesen und umfasst eine Sammlung von Daten, die f\u00fcrs Treffen unter s\u00e4mtlichen Bedingungen notwendig sind. Welche Daten das sind, h\u00e4ngt letztendlich vom Anwendungszweck ab. In meinem Fall besteht das Datenbuch aus:<\/p>\n\n\n\n<div style=\"height:50px\" aria-hidden=\"true\" class=\"wp-block-spacer\"><\/div>\n\n\n\n<div class=\"wp-block-columns\">\n<div class=\"wp-block-column\">\n<figure class=\"wp-block-image size-large is-resized\"><img loading=\"lazy\" src=\"https:\/\/weissermilan.de\/wp-content\/uploads\/2020\/07\/200731Ballistiktabelle.jpg\" alt=\"\" class=\"wp-image-806\" width=\"256\" height=\"192\"\/><figcaption>Ballistiktabellen<br>(coming soon&#8230;)<\/figcaption><\/figure>\n<\/div>\n\n\n\n<div class=\"wp-block-column\">\n<figure class=\"wp-block-image size-large is-resized\"><img loading=\"lazy\" src=\"https:\/\/weissermilan.de\/wp-content\/uploads\/2020\/07\/200731Wind-1.jpg\" alt=\"\" class=\"wp-image-820\" width=\"256\" height=\"192\"\/><figcaption>Hilfsmittel zur Entfernungs- und Windeinsch\u00e4tzung<br>(coming soon&#8230;)<\/figcaption><\/figure>\n<\/div>\n\n\n\n<div class=\"wp-block-column\">\n<figure class=\"wp-block-image size-large is-resized\"><a href=\"https:\/\/weissermilan.de\/?page_id=811\"><img loading=\"lazy\" src=\"https:\/\/weissermilan.de\/wp-content\/uploads\/2020\/07\/200731Trefferdoku.jpg\" alt=\"\" class=\"wp-image-808\" width=\"256\" height=\"192\"\/><\/a><figcaption><a href=\"https:\/\/weissermilan.de\/?page_id=811\">Rohrbuch<\/a><\/figcaption><\/figure>\n<\/div>\n\n\n\n<div class=\"wp-block-column\">\n<figure class=\"wp-block-image size-large is-resized\"><a href=\"https:\/\/weissermilan.de\/?page_id=814\"><img loading=\"lazy\" src=\"https:\/\/weissermilan.de\/wp-content\/uploads\/2020\/07\/200731Rohrbuch.jpg\" alt=\"\" class=\"wp-image-809\" width=\"256\" height=\"192\"\/><\/a><figcaption><a href=\"https:\/\/weissermilan.de\/?page_id=814\">Trefferdokumentation<\/a><\/figcaption><\/figure>\n<\/div>\n<\/div>\n\n\n\n<h2>Warum ist eine Dokumentation \u00fcberhaupt notwendig?<\/h2>\n\n\n\n<p>Schie\u00dfen mit Gro\u00dfkaliberwaffen ist ein relativ teures Freizeitvergn\u00fcgen. Umso \u00e4rgerlicher ist es, wenn etwas nicht so funktioniert, wie es soll. Aufgrund der Vielzahl an Einflussgr\u00f6\u00dfen kann so manch auftauchende Problematik schnell ins Geld gehen und viel Zeit kosten, siehe auch <a href=\"https:\/\/weissermilan.de\/?page_id=138\">Einflussfaktoren Pr\u00e4zision<\/a>. Und ganz unabh\u00e4ngig von Zeit und Geld &#8211; es ist einfach nervig, wenn das Trefferbild nicht passt. In der Praxis sieht das dann gerne mal so aus:<\/p>\n\n\n\n<h4>Die \u00fcbliche Praxis<\/h4>\n\n\n\n<p>W\u00e4hrend eines erwartungsvollen Besuchs auf der Schie\u00dfanlage mit einer Repetierb\u00fcchse im Kaliber 308 Winchester ist es pl\u00f6tzlich passiert: Die zweite Gruppe hat mehrere Ausrei\u00dfer! Bei der ersten Gruppe war noch alles gut, aber bei der Zweiten ist der Streukreis jenseits von Gut und B\u00f6se! Der Sch\u00fctze denkt sich: &#8222;das kann doch nicht sein&#8220; und probiert es gleich noch einmal. Oh je&#8230; wieder das gleiche Schlamassel. Nach der dritten, vierten oder vielleicht f\u00fcnften Runde mit jeweils etwas \u201eRumprobieren\u201c, streicht unser Sch\u00fctze die Segel und packt zusammen. Die Ergebnisse waren \u2013 bis auf das erste &#8211; alle \u00e4hnlich schlecht.<\/p>\n\n\n\n<p>Er \u00fcberlegt, was da wohl los sein k\u00f6nnte? Letztens ist er doch mit dem ZF am Hochstand h\u00e4ngen geblieben, eventuell hat dabei das ZF einen mitgekriegt? Wobei, das kanns eigentlich nicht sein, die erste Gruppe hat ja gepasst&#8230; Er erinnert sich, dass er vor einiger Zeit Munition nachgekauft hat. Hat er etwa ein anderes Los erwischt? Das l\u00e4sst sich leider nicht mehr herausfinden, da er die Verpackung am Schie\u00dfstand weggeworfen hat. Aber solche Abweichungen w\u00e4ren bei dem Munitionshersteller ja auch ungew\u00f6hnlich. M\u00f6glicherweise hat die Konzentration einfach nachgelassen? Oder war der Lauf nach mehreren Sch\u00fcssen einfach zu hei\u00df?<\/p>\n\n\n\n<p>Unser Sch\u00fctze beschlie\u00dft, dass es wahrscheinlich an der Konzentration oder vielleicht am hei\u00dfen Lauf lag und will es beim n\u00e4chsten Schie\u00dftermin in 4 Wochen einfach nochmal probieren. Auch will er dann nach jedem Schuss ausreichend Zeit verstreichen lassen, so dass sich der Lauf nicht so stark erw\u00e4rmt.<\/p>\n\n\n\n<p>Nachdem rund ein Monat vergangen ist, macht er sich daran, die Trefferleistung seiner Waffe erneut zu pr\u00fcfen. Die erste 5er Gruppe liegt gut beieinander, die zweite ist miserabel und die dritte ist so mittelm\u00e4\u00dfig. V\u00f6llig frustriert und irritiert r\u00e4tselt unser Sch\u00fctze mit seinen Vereinskameraden \u00fcber die m\u00f6glichen Ursachen. Da Konzentration und Lauferw\u00e4rmung nun eigentlich nicht mehr in Frage kommen, wird folgendes in Betracht gezogen:<\/p>\n\n\n\n<ol type=\"1\"><li>ZF oder Montage defekt: Das ZF wurde am Hochstand angeschlagen, ein Defekt ist nicht auszuschlie\u00dfen.<\/li><li>Munitionslos: Beim Nachkaufen von Munition k\u00f6nnte es sich um ein andere Fertigungscharge gehandelt haben.<\/li><li>Temperatur: Zwar hat er diesmal auf die Lauftemperatur geachtet, aber es war auch ein recht hei\u00dfer Tag, so dass die Patronentemperatur durchaus auch eine Rolle gespielt haben k\u00f6nnte (die meisten Pulver sind temperaturempfindlich). Leider kann er sich nicht mehr an das Wetter vor vier Wochen erinnern\u2026<\/li><li>Mangelnde Laufreinigung: Viele Waffen fangen ab einer bestimmten Schusszahl an zu streuen. Nur wann war die letzte Reinigung?<\/li><li>Waffenauflage: diesmal hat unser Sch\u00fctze ein Zweibein benutzt, aber war das vor vier Wochen auch so? Oder hatte er auf einer Sandsackauflage geschossen?<\/li><\/ol>\n\n\n\n<p>Fragen \u00fcber Fragen&#8230;<\/p>\n\n\n\n<p>Man kann sich gut vorstellen, dass sich bei einem Wiederlader noch wesentlich mehr m\u00f6gliche Ursachen finden w\u00fcrden&#8230; aber bleiben wir bei unserem Beispiel. Unser Sch\u00fctze muss nun wohl oder \u00fcbel eine m\u00f6gliche Ursache nach der anderen durch Ausprobieren ausschlie\u00dfen.<\/p>\n\n\n\n<p>In Summe bedeutet das:<\/p>\n\n\n\n<figure class=\"wp-block-table\"><table><tbody><tr><td><strong>Vermutetes Problem<\/strong><\/td><td><strong>Pr\u00fcfung\/Abhilfe<\/strong><\/td><td><strong>Ungef\u00e4hrer<\/strong> <strong>Munitionsbedarf<\/strong><\/td><\/tr><tr><td>ZF defekt<\/td><td>Pr\u00fcfmuster schie\u00dfen, siehe auch Waffe streut<\/td><td>12 \u2013 20 Patronen<\/td><\/tr><tr><td>Neues Munitionslos<\/td><td>Anderes Los oder andere Munitionssorte testen<\/td><td>5 \u2013 20 Patronen<\/td><\/tr><tr><td>Zu hohe Temperatur<\/td><td>Nochmaliger Versuch mit den gleichen Patronen an einem k\u00fchleren Tag<\/td><td>5 \u2013 10 Patronen<\/td><\/tr><tr><td>Reinigung erforderlich<\/td><td>Lauf chemisch reinigen und Probeschie\u00dfen<\/td><td>10 \u2013 15 Patronen<\/td><\/tr><tr><td>Waffenauflage<\/td><td>Mit einer Sandsackauflage statt dem Zweibein schie\u00dfen<\/td><td>5 \u2013 10 Patronen<\/td><\/tr><\/tbody><\/table><\/figure>\n\n\n\n<p>Hier k\u00f6nnen sehr schnell einige Stunden Zeit und 40 bis 80 Schuss Munition zusammenkommen. Und erschwerend kommt hinzu, dass z. B. mit der Reinigung eine Stellschraube ver\u00e4ndert wird, die m\u00f6glicherweise gar nicht der Grund f\u00fcr die gro\u00dfe Streuung war. Es kann also passieren, dass man danach nur noch mehr im Nebel herumstochert.<\/p>\n\n\n\n<p>Wenn man Schie\u00dfzeit, Munition, Fahrten zum Schie\u00dfstand, Schie\u00dfstandgeb\u00fchren, Vor- und Nachbereitung zu Hause usw. zusammenrechnet, kommt schnell ein enormer Zeit- und Kostenaufwand zustande.<\/p>\n\n\n\n<p>Da w\u00e4re es sehr hilfreich, wenn einige der in Frage kommenden Probleme gleich von vorn herein ausgeschlossen werden k\u00f6nnten. In diesem Fall ist das leider nicht mehr m\u00f6glich.<\/p>\n\n\n\n<p>In Zukunft k\u00f6nnen jedoch detaillierte Aufzeichnungen bei jedem Schie\u00dfstandbesuch Abhilfe schaffen. In unserem Beispiel h\u00e4tten damit die meisten m\u00f6glichen Ursachen von vorn herein ausgeschlossen oder gleich n\u00e4her in Betracht gezogen werden k\u00f6nnen.<\/p>\n\n\n\n<p>Die Notiz des Munitionsloses bei jedem Schie\u00dfen zeigt sofort, ob eine \u00c4nderung der Schie\u00dfleistung oder eine Verlagerung des Treffpunkts an der Fertigungscharge liegen kann.<\/p>\n\n\n\n<p>Das Notieren der Wetterdaten zeigt, ob sich die Umweltbedingungen an zwei oder mehreren Schie\u00dfterminen wesentlich unterscheiden.<\/p>\n\n\n\n<p>Das F\u00fchren eines Rohrbuchs dokumentiert jede Reinigung und die Anzahl der seitdem abgegebenen Schuss.<\/p>\n\n\n\n<p>Auch weitere Einflussgr\u00f6\u00dfen, wie die Schie\u00dfauflage, ob ein Schalld\u00e4mpfer verwendet worden ist, die ZF-Einstellung usw., sind hilfreich, um Problemen auf die Schliche zu kommen.<\/p>\n\n\n\n<p>Aus diesem Grund ist es absolut empfehlenswert, jeden Schie\u00dfstandbesuch bzw. jedes Ein- oder Anschie\u00dfen im Revier detailliert zu protokollieren.<\/p>\n","protected":false},"excerpt":{"rendered":"<p>Der Begriff Datenbuch kommt urspr\u00fcnglich aus dem Scharfsch\u00fctzenwesen und umfasst eine Sammlung von Daten, die f\u00fcrs Treffen unter s\u00e4mtlichen Bedingungen notwendig sind. Welche Daten das sind, h\u00e4ngt letztendlich vom Anwendungszweck&hellip;<\/p>\n<div class=\"read-more-wrap\"><a class=\"read-more\" href=\"https:\/\/weissermilan.de\/?page_id=241\">Read More<\/a><\/div>\n","protected":false},"author":1,"featured_media":0,"parent":101,"menu_order":3,"comment_status":"closed","ping_status":"closed","template":"","meta":[],"yoast_head":"<!-- This site is optimized with the Yoast SEO plugin v19.4 - https:\/\/yoast.com\/wordpress\/plugins\/seo\/ -->\n<title>Datenbuch<\/title>\n<meta name=\"robots\" content=\"index, follow, max-snippet:-1, max-image-preview:large, max-video-preview:-1\" \/>\n<link rel=\"canonical\" href=\"https:\/\/weissermilan.de\/?page_id=241\" \/>\n<meta property=\"og:locale\" content=\"de_DE\" \/>\n<meta property=\"og:type\" content=\"article\" \/>\n<meta property=\"og:title\" content=\"Datenbuch\" \/>\n<meta property=\"og:description\" content=\"Der Begriff Datenbuch kommt urspr\u00fcnglich aus dem Scharfsch\u00fctzenwesen und umfasst eine Sammlung von Daten, die f\u00fcrs Treffen unter s\u00e4mtlichen Bedingungen notwendig sind. Welche Daten das sind, h\u00e4ngt letztendlich vom Anwendungszweck&hellip;Read More\" \/>\n<meta property=\"og:url\" content=\"https:\/\/weissermilan.de\/?page_id=241\" \/>\n<meta property=\"article:modified_time\" content=\"2020-08-04T14:22:28+00:00\" \/>\n<meta property=\"og:image\" content=\"https:\/\/weissermilan.de\/wp-content\/uploads\/2020\/07\/200731Ballistiktabelle.jpg\" \/>\n<meta name=\"twitter:card\" content=\"summary_large_image\" \/>\n<meta name=\"twitter:label1\" content=\"Gesch\u00e4tzte Lesezeit\" \/>\n\t<meta name=\"twitter:data1\" content=\"5\u00a0Minuten\" \/>\n<script type=\"application\/ld+json\" class=\"yoast-schema-graph\">{\"@context\":\"https:\/\/schema.org\",\"@graph\":[{\"@type\":\"Organization\",\"@id\":\"https:\/\/weissermilan.de\/#organization\",\"name\":\"WeisserMilan.de\",\"url\":\"https:\/\/weissermilan.de\/\",\"sameAs\":[],\"logo\":{\"@type\":\"ImageObject\",\"inLanguage\":\"de\",\"@id\":\"https:\/\/weissermilan.de\/#\/schema\/logo\/image\/\",\"url\":\"https:\/\/weissermilan.de\/wp-content\/uploads\/2018\/07\/milanlogo_transp.gif\",\"contentUrl\":\"https:\/\/weissermilan.de\/wp-content\/uploads\/2018\/07\/milanlogo_transp.gif\",\"width\":788,\"height\":788,\"caption\":\"WeisserMilan.de\"},\"image\":{\"@id\":\"https:\/\/weissermilan.de\/#\/schema\/logo\/image\/\"}},{\"@type\":\"WebSite\",\"@id\":\"https:\/\/weissermilan.de\/#website\",\"url\":\"https:\/\/weissermilan.de\/\",\"name\":\"\",\"description\":\"\",\"publisher\":{\"@id\":\"https:\/\/weissermilan.de\/#organization\"},\"potentialAction\":[{\"@type\":\"SearchAction\",\"target\":{\"@type\":\"EntryPoint\",\"urlTemplate\":\"https:\/\/weissermilan.de\/?s={search_term_string}\"},\"query-input\":\"required name=search_term_string\"}],\"inLanguage\":\"de\"},{\"@type\":\"WebPage\",\"@id\":\"https:\/\/weissermilan.de\/?page_id=241\",\"url\":\"https:\/\/weissermilan.de\/?page_id=241\",\"name\":\"Datenbuch\",\"isPartOf\":{\"@id\":\"https:\/\/weissermilan.de\/#website\"},\"datePublished\":\"2018-08-13T08:23:45+00:00\",\"dateModified\":\"2020-08-04T14:22:28+00:00\",\"breadcrumb\":{\"@id\":\"https:\/\/weissermilan.de\/?page_id=241#breadcrumb\"},\"inLanguage\":\"de\",\"potentialAction\":[{\"@type\":\"ReadAction\",\"target\":[\"https:\/\/weissermilan.de\/?page_id=241\"]}]},{\"@type\":\"BreadcrumbList\",\"@id\":\"https:\/\/weissermilan.de\/?page_id=241#breadcrumb\",\"itemListElement\":[{\"@type\":\"ListItem\",\"position\":1,\"name\":\"Startseite\",\"item\":\"https:\/\/weissermilan.de\/\"},{\"@type\":\"ListItem\",\"position\":2,\"name\":\"Waffen\",\"item\":\"https:\/\/weissermilan.de\/?page_id=101\"},{\"@type\":\"ListItem\",\"position\":3,\"name\":\"Datenbuch\"}]}]}<\/script>\n<!-- \/ Yoast SEO plugin. -->","yoast_head_json":{"title":"Datenbuch","robots":{"index":"index","follow":"follow","max-snippet":"max-snippet:-1","max-image-preview":"max-image-preview:large","max-video-preview":"max-video-preview:-1"},"canonical":"https:\/\/weissermilan.de\/?page_id=241","og_locale":"de_DE","og_type":"article","og_title":"Datenbuch","og_description":"Der Begriff Datenbuch kommt urspr\u00fcnglich aus dem Scharfsch\u00fctzenwesen und umfasst eine Sammlung von Daten, die f\u00fcrs Treffen unter s\u00e4mtlichen Bedingungen notwendig sind. Welche Daten das sind, h\u00e4ngt letztendlich vom Anwendungszweck&hellip;Read More","og_url":"https:\/\/weissermilan.de\/?page_id=241","article_modified_time":"2020-08-04T14:22:28+00:00","og_image":[{"url":"https:\/\/weissermilan.de\/wp-content\/uploads\/2020\/07\/200731Ballistiktabelle.jpg"}],"twitter_card":"summary_large_image","twitter_misc":{"Gesch\u00e4tzte Lesezeit":"5\u00a0Minuten"},"schema":{"@context":"https:\/\/schema.org","@graph":[{"@type":"Organization","@id":"https:\/\/weissermilan.de\/#organization","name":"WeisserMilan.de","url":"https:\/\/weissermilan.de\/","sameAs":[],"logo":{"@type":"ImageObject","inLanguage":"de","@id":"https:\/\/weissermilan.de\/#\/schema\/logo\/image\/","url":"https:\/\/weissermilan.de\/wp-content\/uploads\/2018\/07\/milanlogo_transp.gif","contentUrl":"https:\/\/weissermilan.de\/wp-content\/uploads\/2018\/07\/milanlogo_transp.gif","width":788,"height":788,"caption":"WeisserMilan.de"},"image":{"@id":"https:\/\/weissermilan.de\/#\/schema\/logo\/image\/"}},{"@type":"WebSite","@id":"https:\/\/weissermilan.de\/#website","url":"https:\/\/weissermilan.de\/","name":"","description":"","publisher":{"@id":"https:\/\/weissermilan.de\/#organization"},"potentialAction":[{"@type":"SearchAction","target":{"@type":"EntryPoint","urlTemplate":"https:\/\/weissermilan.de\/?s={search_term_string}"},"query-input":"required name=search_term_string"}],"inLanguage":"de"},{"@type":"WebPage","@id":"https:\/\/weissermilan.de\/?page_id=241","url":"https:\/\/weissermilan.de\/?page_id=241","name":"Datenbuch","isPartOf":{"@id":"https:\/\/weissermilan.de\/#website"},"datePublished":"2018-08-13T08:23:45+00:00","dateModified":"2020-08-04T14:22:28+00:00","breadcrumb":{"@id":"https:\/\/weissermilan.de\/?page_id=241#breadcrumb"},"inLanguage":"de","potentialAction":[{"@type":"ReadAction","target":["https:\/\/weissermilan.de\/?page_id=241"]}]},{"@type":"BreadcrumbList","@id":"https:\/\/weissermilan.de\/?page_id=241#breadcrumb","itemListElement":[{"@type":"ListItem","position":1,"name":"Startseite","item":"https:\/\/weissermilan.de\/"},{"@type":"ListItem","position":2,"name":"Waffen","item":"https:\/\/weissermilan.de\/?page_id=101"},{"@type":"ListItem","position":3,"name":"Datenbuch"}]}]}},"_links":{"self":[{"href":"https:\/\/weissermilan.de\/index.php?rest_route=\/wp\/v2\/pages\/241"}],"collection":[{"href":"https:\/\/weissermilan.de\/index.php?rest_route=\/wp\/v2\/pages"}],"about":[{"href":"https:\/\/weissermilan.de\/index.php?rest_route=\/wp\/v2\/types\/page"}],"author":[{"embeddable":true,"href":"https:\/\/weissermilan.de\/index.php?rest_route=\/wp\/v2\/users\/1"}],"replies":[{"embeddable":true,"href":"https:\/\/weissermilan.de\/index.php?rest_route=%2Fwp%2Fv2%2Fcomments&post=241"}],"version-history":[{"count":9,"href":"https:\/\/weissermilan.de\/index.php?rest_route=\/wp\/v2\/pages\/241\/revisions"}],"predecessor-version":[{"id":913,"href":"https:\/\/weissermilan.de\/index.php?rest_route=\/wp\/v2\/pages\/241\/revisions\/913"}],"up":[{"embeddable":true,"href":"https:\/\/weissermilan.de\/index.php?rest_route=\/wp\/v2\/pages\/101"}],"wp:attachment":[{"href":"https:\/\/weissermilan.de\/index.php?rest_route=%2Fwp%2Fv2%2Fmedia&parent=241"}],"curies":[{"name":"wp","href":"https:\/\/api.w.org\/{rel}","templated":true}]}}