{"id":307,"date":"2018-09-04T16:17:56","date_gmt":"2018-09-04T14:17:56","guid":{"rendered":"https:\/\/weisermilan.de\/?page_id=307"},"modified":"2020-08-03T17:46:22","modified_gmt":"2020-08-03T15:46:22","slug":"anleitung-zum-wiederladen","status":"publish","type":"page","link":"https:\/\/weissermilan.de\/?page_id=307","title":{"rendered":"Anleitung zum Wiederladen"},"content":{"rendered":"\n<div class=\"wp-block-image\"><figure class=\"aligncenter size-large is-resized\"><img loading=\"lazy\" src=\"https:\/\/weissermilan.de\/wp-content\/uploads\/2020\/08\/200730Wiederladen_gro\u00df-1024x768.jpg\" alt=\"\" class=\"wp-image-890\" width=\"768\" height=\"576\" srcset=\"https:\/\/weissermilan.de\/wp-content\/uploads\/2020\/08\/200730Wiederladen_gro\u00df-1024x768.jpg 1024w, https:\/\/weissermilan.de\/wp-content\/uploads\/2020\/08\/200730Wiederladen_gro\u00df-300x225.jpg 300w, https:\/\/weissermilan.de\/wp-content\/uploads\/2020\/08\/200730Wiederladen_gro\u00df-768x576.jpg 768w, https:\/\/weissermilan.de\/wp-content\/uploads\/2020\/08\/200730Wiederladen_gro\u00df-1536x1152.jpg 1536w, https:\/\/weissermilan.de\/wp-content\/uploads\/2020\/08\/200730Wiederladen_gro\u00df-2048x1536.jpg 2048w\" sizes=\"(max-width: 768px) 100vw, 768px\" \/><figcaption><em>Wiederladen erm\u00f6glicht die Abstimmung der Munition auf die Waffe. Dar\u00fcber hinaus kann durch eine Bearbeitung der Komponenten die Pr\u00e4zision deutlich gesteigert werden.<\/em><\/figcaption><\/figure><\/div>\n\n\n<p>Am Beispiel von 25 H\u00fclsen von abgeschossenen IMI-Fabrikpatronen im Kaliber 223 Rem. erkl\u00e4re ich die Vorgehensweise beim Wiederladen. Achtung: Nachahmung auf eigene Gefahr!<\/p>\n<h5>Ausgangslage<\/h5>\n<p>F\u00fcr meinen Mossberg MVP-Repetierer m\u00f6chte ich eine Setzleiter erstellen. Bisher setze ich die Geschosse an die Felder und Z\u00fcge, um eine ausreichende Pr\u00e4zision zu erreichen. Die Pr\u00e4zision ist zwar super, allerdings passen die Geschosse nicht mehr ins Magazin, wodurch ich den Repetierer aktuell als Einzellader verwende. Diesen Zustand m\u00f6chte ich \u00e4ndern und hierf\u00fcr 5 x 5 Patronen mit jeweils unterschiedlichen Setztiefen laden.<\/p>\n<h3>Welche Komponenten werden ben\u00f6tigt?<\/h3>\n<h5>H\u00fclsen:<\/h5>\n<p>Hier w\u00e4hle ich 25 IMI-H\u00fclsen, die ich beim letzten Langwaffentraining mit meiner OA-15 M4 verschossen habe. Ich verwende grunds\u00e4tzlich nur H\u00fclsen mit Boxer-Z\u00fcndung &#8211; Berdan-Z\u00fcnder sind mir zu aufw\u00e4ndig. Da ich regelm\u00e4\u00dfig trainiere, komme ich nicht in die Verlegenheit, H\u00fclsen kaufen zu m\u00fcssen. Beim Training fallen immer ausreichend H\u00fclsen an und diese fange ich meistens gleich mit dem H\u00fclsenfangsack auf. Das erstpart mir drei wesentliche Punkte: Die H\u00fclsen m\u00fcssen nicht vom Boden aufgelesen werden, es sind kaum welche besch\u00e4digt und der Verschmutzungsgrad ist wesentlich geringer. Das sind drei Vorteile, die enorm Zeit sparen.<\/p>\n<h5>Z\u00fcndh\u00fcchten:<\/h5>\n<p>F\u00fcr das Kaliber 223 Rem. sind Small Rifle-Z\u00fcndh\u00fctchen notwendig. Ich verwende die Standard-Z\u00fcndh\u00fctchen von Murom, diese sind g\u00fcnstig und ich habe damit gute Erfahrung gemacht.<\/p>\n<h5>Pulver:<\/h5>\n<p>Aufgrund der enormen gesetzlichen Vorschriften ist die Lagermenge bei Nitrocellulosepulvern sehr beschr\u00e4nkt, so dass ich keine gro\u00dfe Pulverauswahl lagernd habe. F\u00fcr das Kaliber 223 Rem. habe ich aktuell Vihtavuori N135 vorr\u00e4tig, daher verwende ich dieses.<\/p>\n<h5>Geschosse:<\/h5>\n<p>In Verbindung mit der Mossberg MVP und dem N135 Pulver haben sich die Sierra Tipped MatchKing 77 gr Geschosse bew\u00e4hrt. F\u00fcr den schnellen Drall von 1:7 kommen generell keine kurzen und damit leichten Geschosse in Frage.<\/p>\n\n<h3>Welche Werkzeuge sind notwendig?<\/h3>\n<ol>\n<li>Tumbler (optional)<\/li>\n<li>Wiederladepresse<\/li>\n<li>Kalibriermatrize<\/li>\n<li>H\u00fclsenhalter<\/li>\n<li>Setzmatrize<\/li>\n<li>Schieblehre<\/li>\n<li>H\u00fclsentrimmer<\/li>\n<li>Entgrater<\/li>\n<li>Z\u00fcndglocken-Uniformer \/ Z\u00fcndglockenreiniger (optional)<\/li>\n<li>Akkuschrauber und HSS Bohrer (optional)<\/li>\n<li>Pulverwaage<\/li>\n<li>Permanent Marker<\/li>\n<li>Z\u00fcndh\u00fctchensetzger\u00e4t<\/li>\n<li>Akkuschrauber (optional)<\/li>\n<\/ol>\n<h3>&nbsp;<\/h3>\n<h3>Welche Arbeitsschritte sind notwendig?<\/h3>\n<ol>\n<li>H\u00fclsen reinigen (optional)<\/li>\n<li>Defekte H\u00fclsen aussortieren<\/li>\n<li>H\u00fclsen kalibrieren<\/li>\n<li>H\u00fclsen vermessen, ggf. trimmen und entgraten<\/li>\n<li>Z\u00fcndglocken anpassen und reinigen (optional)<\/li>\n<li>Z\u00fcndkan\u00e4le anpassen und entgraten (optional)<\/li>\n<li>H\u00fclsen verwiegen, sortieren und beschriften (optional)<\/li>\n<li>Z\u00fcndh\u00fctchen setzen<\/li>\n<li>Pulver verwiegen und einf\u00fcllen<\/li>\n<li>Geschoss setzen<\/li>\n<\/ol>\n<h3>&nbsp;<\/h3>\n<h3>Vorgehensweise<\/h3>\n<h5>1. H\u00fclsen reinigen (optional)<\/h5>\n<figure id=\"attachment_330\" aria-describedby=\"caption-attachment-330\" style=\"width: 280px\" class=\"wp-caption alignright\"><img loading=\"lazy\" class=\" wp-image-330\" src=\"https:\/\/weissermilan.de\/wp-content\/uploads\/2018\/09\/IMG_1919-225x300.jpg\" alt=\"\" width=\"280\" height=\"373\" srcset=\"https:\/\/weissermilan.de\/wp-content\/uploads\/2018\/09\/IMG_1919-225x300.jpg 225w, https:\/\/weissermilan.de\/wp-content\/uploads\/2018\/09\/IMG_1919.jpg 750w\" sizes=\"(max-width: 280px) 100vw, 280px\" \/><figcaption id=\"caption-attachment-330\" class=\"wp-caption-text\">Tumbler in Betrieb.<\/figcaption><\/figure>\n<p>Im ersten Schritt werden die H\u00fclsen vom anhaftenden Schmutz befreit. Dieser Schritt ist nicht unbedingt notwendig, da auch verschmauchte H\u00fclsen hervorragende Trefferbilder hervorbringen k\u00f6nnen: die hier verwendeten H\u00fclsen stammen alle aus der gleichen Waffe und wurden nicht vom Boden aufgesammelt, so dass man in diesem Fall von einer ausreichenden Gleichm\u00e4\u00dfigkeit ausgehen kann und die Reinigung nicht zwingend notwendig w\u00e4re. Dennoch m\u00f6chte ich nicht, dass der Schmauch sich auf meinem Wiederladeequipment verteilt. Au\u00dferdem k\u00f6nnen evenutelle Probleme bei sauberen H\u00fclsen leichter erkannt werden &#8211; also mache ich sie sauber.<\/p>\n<p>Zweckm\u00e4\u00dfigerweise verwendet man hierzu einen Tumbler &#8211; in meinem Fall den TwinTumbler von Lyman. Der hat den Vorteil, dass zwei Beh\u00e4lter mitgeliefert werden. Einer f\u00fcr ca. 450 g und der andere f\u00fcr ca. 900 g H\u00fclsenmaterial. Warum kann der gro\u00dfe Beh\u00e4lter nicht f\u00fcr eine geringe H\u00fclsenzahl, z.B. 300 g, verwendet werden? Je nach H\u00fclsengeometrie ist bei einer zu geringen Beladung die Umw\u00e4lzung nicht mehr garantiert, daher sollte man den Tumbler weder unter- noch \u00fcberbeladen.<\/p>\n<p>Das Ger\u00e4t arbeitet mit Granulat, welches in Form verschiedener Materialien angeboten wird. Bew\u00e4hrt hat sich z.B. Walnu\u00dfschalengranulat mit einigen Spritzern Scheuermilch, Messingpolitur oder \u00e4hnlichem. Die Fl\u00fcssigkeit muss vor dem hinzugeben der H\u00fclsen gut untergemischt werden, es d\u00fcrfen keine Klumpen mehr vorhanden sein. Die F\u00fcllh\u00f6he des Beh\u00e4lters richtet sich nach der Anleitung, in diesem Fall 1\/2 bis 3\/4 des Beh\u00e4ltervolumens.<\/p>\n<p>Ist der Tumbler samt Granulat und Scheuermilch vorbereitet, k\u00f6nnen die H\u00fclsen hinzugegeben werden. Die Menge richtet sich nach dem Beh\u00e4ltervolumen: In jedem Fall m\u00fcssen die H\u00fclsen nach dem Anschalten umgew\u00e4lzt werden. Ist dies nicht der Fall, sind es zu wenig oder zu viele H\u00fclsen.<\/p>\n<p>Je nach Verschmutzungsgrad kann der Reinigungsvorgang 1 bis 4 Stunden dauern. Hier sollte regelm\u00e4\u00dfig kontrolliert werden.<\/p>\n<p>Alternative Reinigungsmethoden: Es soll Leute geben, die Ihre H\u00fclsen in der Waschmaschine oder \u00e4hnlichem Reinigen. Wenn nicht gerade eine eigene Waschmaschine zum H\u00fclsenreinigen verwendet wird, ist grunds\u00e4tzlich davon abzuraten. Schlie\u00dflich wird dabei der gesundheitssch\u00e4dliche Schmauch in dem gleichen Ger\u00e4t wie die eigene Kleidung gewaschen. Steht kein Tumbler zur Verf\u00fcgung, ist es besser, die H\u00fclsen mit einem Tuch per Hand abzuwischen, dies ist in der Regel ausreichend, wenn man auf die gl\u00e4nzende Optik verzichten kann. Eine andere Alternative stellen Ultraschallreinigungsger\u00e4te dar. Diese funktionieren aber auch nur mit chemischen Zus\u00e4tzen zuverl\u00e4ssig und sind wesentlich teurer in der Anschaffung. Daher f\u00fcr mich keine Option.<\/p>\n<h5>&nbsp;<\/h5>\n<h5>2. Defekte H\u00fclsen aussortieren<\/h5>\n<p>Wichtig ist die Inspektion der H\u00fclsen vor der weiteren Bearbeitung. Alle H\u00fclsen mit Rissen oder gr\u00f6\u00dferen Verformungen werden aussortiert. Kleinere Eindellungen spielen keine Rolle. Verformungen im Halsbereich verschwinden in der Regel bei der Kalibrierung. Ist das nicht der Fall, muss die H\u00fclse aussortiert werden.<\/p>\n<table>\n<tbody>\n<tr>\n<td valign=\"top\">\n<figure id=\"attachment_335\" aria-describedby=\"caption-attachment-335\" style=\"width: 300px\" class=\"wp-caption alignnone\"><img loading=\"lazy\" class=\"size-medium wp-image-335\" src=\"https:\/\/weissermilan.de\/wp-content\/uploads\/2018\/09\/IMG_1939-300x225.jpg\" alt=\"\" width=\"300\" height=\"225\" srcset=\"https:\/\/weissermilan.de\/wp-content\/uploads\/2018\/09\/IMG_1939-300x225.jpg 300w, https:\/\/weissermilan.de\/wp-content\/uploads\/2018\/09\/IMG_1939-768x576.jpg 768w, https:\/\/weissermilan.de\/wp-content\/uploads\/2018\/09\/IMG_1939.jpg 1000w\" sizes=\"(max-width: 300px) 100vw, 300px\" \/><figcaption id=\"caption-attachment-335\" class=\"wp-caption-text\">Kleinere Dellen an der H\u00fclse, z.B. durch das Auswerfen bei Selbstladeb\u00fcchsen &#8211; spielen in der Praxis keine Rolle.<\/figcaption><\/figure>\n<\/td>\n<td valign=\"top\">\n<figure id=\"attachment_334\" aria-describedby=\"caption-attachment-334\" style=\"width: 300px\" class=\"wp-caption alignnone\"><img loading=\"lazy\" class=\"size-medium wp-image-334\" src=\"https:\/\/weissermilan.de\/wp-content\/uploads\/2018\/09\/IMG_1937-300x225.jpg\" alt=\"\" width=\"300\" height=\"225\" srcset=\"https:\/\/weissermilan.de\/wp-content\/uploads\/2018\/09\/IMG_1937-300x225.jpg 300w, https:\/\/weissermilan.de\/wp-content\/uploads\/2018\/09\/IMG_1937-768x576.jpg 768w, https:\/\/weissermilan.de\/wp-content\/uploads\/2018\/09\/IMG_1937.jpg 1000w\" sizes=\"(max-width: 300px) 100vw, 300px\" \/><figcaption id=\"caption-attachment-334\" class=\"wp-caption-text\">Auch kleinere Dellen an der Schulter k\u00f6nnen vernachl\u00e4ssigt werden.<\/figcaption><\/figure>\n<\/td>\n<td valign=\"top\">\n<figure id=\"attachment_333\" aria-describedby=\"caption-attachment-333\" style=\"width: 300px\" class=\"wp-caption alignnone\"><img loading=\"lazy\" class=\"size-medium wp-image-333\" src=\"https:\/\/weissermilan.de\/wp-content\/uploads\/2018\/09\/IMG_1933-300x225.jpg\" alt=\"\" width=\"300\" height=\"225\" srcset=\"https:\/\/weissermilan.de\/wp-content\/uploads\/2018\/09\/IMG_1933-300x225.jpg 300w, https:\/\/weissermilan.de\/wp-content\/uploads\/2018\/09\/IMG_1933-768x576.jpg 768w, https:\/\/weissermilan.de\/wp-content\/uploads\/2018\/09\/IMG_1933.jpg 1000w\" sizes=\"(max-width: 300px) 100vw, 300px\" \/><figcaption id=\"caption-attachment-333\" class=\"wp-caption-text\">An diesen PPU H\u00fclsen sieht man Crimpspuren und an der H\u00fclse ganz links eine kleine Delle. Beide Besch\u00e4digungen verschwinden beim Kalibrieren.<\/figcaption><\/figure>\n<\/td>\n<\/tr>\n<\/tbody>\n<\/table>\n<h5>3. H\u00fclsen kalibrieren<\/h5>\n<p>Grunds\u00e4tzlich muss entschieden werden, ob die H\u00fclsen voll- oder halskalibriert werden sollen. Die Vollkalibrierung hat den Vorteil, dass die Patronen sp\u00e4ter in alle Waffen des Kalibers passen, w\u00e4hrend die halskalibrierten H\u00fclsen in der Regel nur aus dem gleichen (oder einem gr\u00f6\u00dferen) Patronenlager verschossen werden k\u00f6nnen. Demgegen\u00fcber hat die Halskalibrierung weniger Materialverschlei\u00df zur Folge, die H\u00fclsen k\u00f6nnen \u00f6fter wiederverwendet und m\u00fcssen nicht so oft getrimmt werden. Au\u00dferdem soll die Pr\u00e4zision etwas besser sein als bei der Vollkalibrierung, da die H\u00fclsenwand schon ans Patronenlager angepasst ist. Allerdings muss auch beim Halskalibrieren nach einigen Ladezyklen wieder vollkalibriert werden, sp\u00e4testens dann, wenn sich der Verschluss der Waffe nur noch schwer bet\u00e4tigen l\u00e4sst. Das ist h\u00e4ufig nach 4-5 Halskalibrierungen der Fall. Wer sich nur eine Kalibriermatrize zulegen m\u00f6chte, sollte zur Vollkalibriermatrize greifen.<\/p>\n<p>Da ich die IMI-H\u00fclsen aus einem M4 verschossen habe und nun in einer anderen Waffe verwenden m\u00f6chte, kommt nur die Vollkalibrierung in Frage. Hierf\u00fcr verwende ich eine Forster-Vollkalibriermatrize. Diese muss vor der erstmaligen Verwendung eingerichtet werden.<\/p>\n<p>Beim Vollkalibrieren ist es wichtig, die H\u00fclsen leicht zu fetten, da ansonsten eine H\u00fclse in der Matrizen stecken bleiben kann. Ohne H\u00fclsenretter hat man dann ein gr\u00f6\u00dferes Problem.<\/p>\n<figure id=\"attachment_336\" aria-describedby=\"caption-attachment-336\" style=\"width: 350px\" class=\"wp-caption alignright\"><img loading=\"lazy\" class=\" wp-image-336\" src=\"https:\/\/weissermilan.de\/wp-content\/uploads\/2018\/09\/IMG_1949-e1536072260431-300x224.jpg\" alt=\"\" width=\"350\" height=\"261\" srcset=\"https:\/\/weissermilan.de\/wp-content\/uploads\/2018\/09\/IMG_1949-e1536072260431-300x224.jpg 300w, https:\/\/weissermilan.de\/wp-content\/uploads\/2018\/09\/IMG_1949-e1536072260431.jpg 687w\" sizes=\"(max-width: 350px) 100vw, 350px\" \/><figcaption id=\"caption-attachment-336\" class=\"wp-caption-text\">Links die Halskalibriermatrize mit Bushing und rechts die Vollkalibriermatrize<\/figcaption><\/figure>\n<h6>Einrichten einer Kalibriermatrize<\/h6>\n<p>Zuerst wird der \u00e4u\u00dfere Ring der Matrize gelockert und dann die Matrize in die Presse ca. zu einem Drittel eingeschraubt. Der innere Gewindestift mit dem Au\u00dfsto\u00dfer muss komplett entfernt werden, so dass vorerst nur eine \u00e4u\u00dfere Kalibrierung erfolgt. Anschlie\u00dfend wird eine zu kalibrierende H\u00fclse mit Kerzenru\u00df im Halsbereich geschw\u00e4rzt und dann in den H\u00fclsenhalter gestellt. Beim bet\u00e4tigen der Presse wird die H\u00fclse vermutlich nicht weit genug in die Matrize gef\u00fchrt, so dass diese weiter in die Presse eingeschraubt werden muss. Dies wird st\u00fcckweise mit immer pr\u00fcfendem Bet\u00e4tigen der Presse so lange praktiziert, bis ein Teil des H\u00fclsenhalses vom Ru\u00df befreit ist.<\/p>\n<p>Nun werden die vorangegangenen Schritte mit gr\u00f6\u00dfter Vorsicht und kleineren Abst\u00e4nden so lange wiederholt, bis der komplette H\u00fclsenhals vom Ru\u00df befreit ist. Sobald dies der Fall ist, wird der \u00e4u\u00dfere Spannring der Matrize bis zur Presse heruntergeschraubt (die Matrize dabei festhalten, damit sie sich nicht verstellt) und fest angezogen. Nun kann der innere Gewindestift wieder eingeschraubt werden. Dabei ist darauf zu achten, dass sich der H\u00fclsenhalsaufweiter auf der richtigen H\u00f6he befindet. Bei voll bet\u00e4tigter Presse muss er unterhalb des H\u00fclsenhalses sitzen. Ebenso muss der Z\u00fcndh\u00fctchenaussto\u00dfer so eingestellt sein, dass das Z\u00fcndh\u00fctchen sicher ausgesto\u00dfen wird. Nun ist die Matrize fertig eingerichtet.<\/p>\n\n<h5>4. H\u00fclsen vermessen, trimmen und entgraten<\/h5>\n<p>In diesem Schritt wird zun\u00e4chst mit der Schieblehre die L\u00e4nge L3 der H\u00fclsen vermessen, diese darf laut CIP maximal 44,70 mm betragen. Alles was dar\u00fcber ist, muss in jedem Fall getrimmt werden. Das w\u00fcrde f\u00fcr eine sichere Ladung ausreichen. Da ich jedoch einen gleichm\u00e4\u00dfigen Ausziehwiderstand gew\u00e4hrleisten m\u00f6chte, sollen alle H\u00fclsenh\u00e4lse und damit auch die H\u00fclsen die gleiche L\u00e4nge aufweisen. Hierzu trimme ich alle H\u00fclsen auf das Ma\u00df der k\u00fcrzesten H\u00fclse, wenn keine allzu gro\u00dfen Ausrei\u00dfer nach unten dabei sind (diese werden entsorgt).<\/p>\n<h6>Einrichten des Trimmers<\/h6>\n<p>Dazu wird in den H\u00fclsentrimmer der F\u00fchrungsdorn im Kaliber 22 eingeschraubt und die k\u00fcrzeste H\u00fclse in den Schnellspannverschluss locker eingespannt. Bevor der Schnellspannverschluss festgezogen wird, muss der F\u00fchrungsdorn vollst\u00e4ndig in den H\u00fclsenmund eingefahren werden. So wird die noch bewegliche H\u00fclse ausgerichtet und erst jetzt darf der Verschluss fester angezogen werden. Nun wird die ma\u00dfgebliche H\u00fclsenl\u00e4nge durch lockern, verschieben und anschlie\u00dfendem wieder festschrauben des Fixierringes am Trimmer eingestellt. Wurde der Trimmer richtig eingerichtet, darf kein Material von der k\u00fcrzesten H\u00fclse abgetragen werden, wenn die Kurbel bet\u00e4tigt wird.<\/p>\n<p>Im Anschlu\u00df k\u00f6nnen die anderen H\u00fclsen auf das gleiche Ma\u00df abgedreht werden. Nach dem Abdrehen entsteht am inneren und \u00e4u\u00dferen H\u00fclsenmund jeweils ein Grat, der noch mit dem Entgrater entfernt werden muss. Hier reichen ein paar wenige Drehbewegungen, der H\u00fclsenmund soll schlie\u00dflich nicht zur Klinge werden.<\/p>\n<p>Tipp: Es hat sich bew\u00e4hrt, sich auf ein bestimmtes Ma\u00df L3 generell festzulegen. Dies&nbsp; kann dann f\u00fcr alle zuk\u00fcnftig zu bearbeitenden H\u00fclsen verwendet werden. Dazu muss nur eine H\u00fclse mit diesem Ma\u00df aufbewahrt und entsprechend gekennzeichnet werden. Diese kann dann bei zuk\u00fcnftigen Trimmvorg\u00e4ngen als Matrize zum Einrichten des Trimmers dienen. So wird eine konstante L\u00e4nge L3 \u00fcber lange Zeit gew\u00e4hrleistet.<\/p>\n\n<h5>5. Z\u00fcndglocken anpassen und reinigen (optional)<\/h5>\n<figure id=\"attachment_339\" aria-describedby=\"caption-attachment-339\" style=\"width: 296px\" class=\"wp-caption alignright\"><img loading=\"lazy\" class=\"wp-image-339 size-medium\" src=\"https:\/\/weissermilan.de\/wp-content\/uploads\/2018\/09\/IMG_1968-e1536070263794-296x300.jpg\" alt=\"\" width=\"296\" height=\"300\" srcset=\"https:\/\/weissermilan.de\/wp-content\/uploads\/2018\/09\/IMG_1968-e1536070263794-296x300.jpg 296w, https:\/\/weissermilan.de\/wp-content\/uploads\/2018\/09\/IMG_1968-e1536070263794.jpg 352w\" sizes=\"(max-width: 296px) 100vw, 296px\" \/><figcaption id=\"caption-attachment-339\" class=\"wp-caption-text\">Manchmal setzt sich Granulat am Z\u00fcndkanal in der H\u00fclse fest, so dass es beim Aussto\u00dfen des Z\u00fcndh\u00fctchens durch den Z\u00fcndkanal gedr\u00fcckt wird und in der Z\u00fcndglocke einen Grat bildet. Schon alleine deswegen empfiehlt es sich, die Z\u00fcndglocken zu reinigen.<\/figcaption><\/figure>\n<p>Ob dieser Schritt tats\u00e4chlich einen Einfluss auf die Pr\u00e4zision hat, konnte ich leider noch nicht verifizieren. In manchen F\u00e4llen kann das Anpassen der Z\u00fcndglocken jedoch&nbsp; zwingend notwendig sein, n\u00e4mlich dann, wenn die Z\u00fcndh\u00fctchen nicht oder nur mit enormer Kraft in die Z\u00fcndglocke gedr\u00fcckt werden k\u00f6nnen. In diesem Fall kommt der Z\u00fcndglocken-Uniformer zum Einsatz. Dieser wird auf die H\u00fclse mit der tiefsten Z\u00fcndglocke eingestellt und z.B. in einen Akkuschrauber eingespannt. Nun k\u00f6nnen relativ bequem alle Z\u00fcndglocken auf das gleiche Ma\u00df ausgefr\u00e4st werden.<\/p>\n<p>In den meisten F\u00e4llen lassen sich die Z\u00fcndh\u00fctchen jedoch ohne Z\u00fcndglocken-Uniformer setzen. Dennoch empfiehlt sich eine vorherige Reinigung mit dem Z\u00fcndglocken-Reiniger, um Schmauch und Granulatr\u00fcckst\u00e4nde zu entfernen.<\/p>","protected":false},"excerpt":{"rendered":"<p>Am Beispiel von 25 H\u00fclsen von abgeschossenen IMI-Fabrikpatronen im Kaliber 223 Rem. erkl\u00e4re ich die Vorgehensweise beim Wiederladen. Achtung: Nachahmung auf eigene Gefahr! Ausgangslage F\u00fcr meinen Mossberg MVP-Repetierer m\u00f6chte ich&hellip;<\/p>\n<div class=\"read-more-wrap\"><a class=\"read-more\" href=\"https:\/\/weissermilan.de\/?page_id=307\">Read More<\/a><\/div>\n","protected":false},"author":1,"featured_media":0,"parent":212,"menu_order":0,"comment_status":"closed","ping_status":"closed","template":"","meta":[],"yoast_head":"<!-- This site is optimized with the Yoast SEO plugin v19.4 - https:\/\/yoast.com\/wordpress\/plugins\/seo\/ -->\n<title>Anleitung Wiederladen<\/title>\n<meta name=\"robots\" content=\"index, follow, max-snippet:-1, max-image-preview:large, max-video-preview:-1\" \/>\n<link rel=\"canonical\" href=\"https:\/\/weissermilan.de\/?page_id=307\" \/>\n<meta property=\"og:locale\" content=\"de_DE\" \/>\n<meta property=\"og:type\" content=\"article\" \/>\n<meta property=\"og:title\" content=\"Anleitung Wiederladen\" \/>\n<meta property=\"og:description\" content=\"Am Beispiel von 25 H\u00fclsen von abgeschossenen IMI-Fabrikpatronen im Kaliber 223 Rem. erkl\u00e4re ich die Vorgehensweise beim Wiederladen. Achtung: Nachahmung auf eigene Gefahr! Ausgangslage F\u00fcr meinen Mossberg MVP-Repetierer m\u00f6chte ich&hellip;Read More\" \/>\n<meta property=\"og:url\" content=\"https:\/\/weissermilan.de\/?page_id=307\" \/>\n<meta property=\"article:modified_time\" content=\"2020-08-03T15:46:22+00:00\" \/>\n<meta property=\"og:image\" content=\"https:\/\/weissermilan.de\/wp-content\/uploads\/2020\/08\/200730Wiederladen_gro\u00df-1024x768.jpg\" \/>\n<meta name=\"twitter:card\" content=\"summary_large_image\" \/>\n<meta name=\"twitter:label1\" content=\"Gesch\u00e4tzte Lesezeit\" \/>\n\t<meta name=\"twitter:data1\" content=\"10\u00a0Minuten\" \/>\n<script type=\"application\/ld+json\" class=\"yoast-schema-graph\">{\"@context\":\"https:\/\/schema.org\",\"@graph\":[{\"@type\":\"Organization\",\"@id\":\"https:\/\/weissermilan.de\/#organization\",\"name\":\"WeisserMilan.de\",\"url\":\"https:\/\/weissermilan.de\/\",\"sameAs\":[],\"logo\":{\"@type\":\"ImageObject\",\"inLanguage\":\"de\",\"@id\":\"https:\/\/weissermilan.de\/#\/schema\/logo\/image\/\",\"url\":\"https:\/\/weissermilan.de\/wp-content\/uploads\/2018\/07\/milanlogo_transp.gif\",\"contentUrl\":\"https:\/\/weissermilan.de\/wp-content\/uploads\/2018\/07\/milanlogo_transp.gif\",\"width\":788,\"height\":788,\"caption\":\"WeisserMilan.de\"},\"image\":{\"@id\":\"https:\/\/weissermilan.de\/#\/schema\/logo\/image\/\"}},{\"@type\":\"WebSite\",\"@id\":\"https:\/\/weissermilan.de\/#website\",\"url\":\"https:\/\/weissermilan.de\/\",\"name\":\"\",\"description\":\"\",\"publisher\":{\"@id\":\"https:\/\/weissermilan.de\/#organization\"},\"potentialAction\":[{\"@type\":\"SearchAction\",\"target\":{\"@type\":\"EntryPoint\",\"urlTemplate\":\"https:\/\/weissermilan.de\/?s={search_term_string}\"},\"query-input\":\"required name=search_term_string\"}],\"inLanguage\":\"de\"},{\"@type\":\"WebPage\",\"@id\":\"https:\/\/weissermilan.de\/?page_id=307\",\"url\":\"https:\/\/weissermilan.de\/?page_id=307\",\"name\":\"Anleitung Wiederladen\",\"isPartOf\":{\"@id\":\"https:\/\/weissermilan.de\/#website\"},\"datePublished\":\"2018-09-04T14:17:56+00:00\",\"dateModified\":\"2020-08-03T15:46:22+00:00\",\"breadcrumb\":{\"@id\":\"https:\/\/weissermilan.de\/?page_id=307#breadcrumb\"},\"inLanguage\":\"de\",\"potentialAction\":[{\"@type\":\"ReadAction\",\"target\":[\"https:\/\/weissermilan.de\/?page_id=307\"]}]},{\"@type\":\"BreadcrumbList\",\"@id\":\"https:\/\/weissermilan.de\/?page_id=307#breadcrumb\",\"itemListElement\":[{\"@type\":\"ListItem\",\"position\":1,\"name\":\"Startseite\",\"item\":\"https:\/\/weissermilan.de\/\"},{\"@type\":\"ListItem\",\"position\":2,\"name\":\"Wiederladen\",\"item\":\"https:\/\/weissermilan.de\/?page_id=212\"},{\"@type\":\"ListItem\",\"position\":3,\"name\":\"Anleitung zum Wiederladen\"}]}]}<\/script>\n<!-- \/ Yoast SEO plugin. -->","yoast_head_json":{"title":"Anleitung Wiederladen","robots":{"index":"index","follow":"follow","max-snippet":"max-snippet:-1","max-image-preview":"max-image-preview:large","max-video-preview":"max-video-preview:-1"},"canonical":"https:\/\/weissermilan.de\/?page_id=307","og_locale":"de_DE","og_type":"article","og_title":"Anleitung Wiederladen","og_description":"Am Beispiel von 25 H\u00fclsen von abgeschossenen IMI-Fabrikpatronen im Kaliber 223 Rem. erkl\u00e4re ich die Vorgehensweise beim Wiederladen. Achtung: Nachahmung auf eigene Gefahr! Ausgangslage F\u00fcr meinen Mossberg MVP-Repetierer m\u00f6chte ich&hellip;Read More","og_url":"https:\/\/weissermilan.de\/?page_id=307","article_modified_time":"2020-08-03T15:46:22+00:00","og_image":[{"url":"https:\/\/weissermilan.de\/wp-content\/uploads\/2020\/08\/200730Wiederladen_gro\u00df-1024x768.jpg"}],"twitter_card":"summary_large_image","twitter_misc":{"Gesch\u00e4tzte Lesezeit":"10\u00a0Minuten"},"schema":{"@context":"https:\/\/schema.org","@graph":[{"@type":"Organization","@id":"https:\/\/weissermilan.de\/#organization","name":"WeisserMilan.de","url":"https:\/\/weissermilan.de\/","sameAs":[],"logo":{"@type":"ImageObject","inLanguage":"de","@id":"https:\/\/weissermilan.de\/#\/schema\/logo\/image\/","url":"https:\/\/weissermilan.de\/wp-content\/uploads\/2018\/07\/milanlogo_transp.gif","contentUrl":"https:\/\/weissermilan.de\/wp-content\/uploads\/2018\/07\/milanlogo_transp.gif","width":788,"height":788,"caption":"WeisserMilan.de"},"image":{"@id":"https:\/\/weissermilan.de\/#\/schema\/logo\/image\/"}},{"@type":"WebSite","@id":"https:\/\/weissermilan.de\/#website","url":"https:\/\/weissermilan.de\/","name":"","description":"","publisher":{"@id":"https:\/\/weissermilan.de\/#organization"},"potentialAction":[{"@type":"SearchAction","target":{"@type":"EntryPoint","urlTemplate":"https:\/\/weissermilan.de\/?s={search_term_string}"},"query-input":"required name=search_term_string"}],"inLanguage":"de"},{"@type":"WebPage","@id":"https:\/\/weissermilan.de\/?page_id=307","url":"https:\/\/weissermilan.de\/?page_id=307","name":"Anleitung Wiederladen","isPartOf":{"@id":"https:\/\/weissermilan.de\/#website"},"datePublished":"2018-09-04T14:17:56+00:00","dateModified":"2020-08-03T15:46:22+00:00","breadcrumb":{"@id":"https:\/\/weissermilan.de\/?page_id=307#breadcrumb"},"inLanguage":"de","potentialAction":[{"@type":"ReadAction","target":["https:\/\/weissermilan.de\/?page_id=307"]}]},{"@type":"BreadcrumbList","@id":"https:\/\/weissermilan.de\/?page_id=307#breadcrumb","itemListElement":[{"@type":"ListItem","position":1,"name":"Startseite","item":"https:\/\/weissermilan.de\/"},{"@type":"ListItem","position":2,"name":"Wiederladen","item":"https:\/\/weissermilan.de\/?page_id=212"},{"@type":"ListItem","position":3,"name":"Anleitung zum Wiederladen"}]}]}},"_links":{"self":[{"href":"https:\/\/weissermilan.de\/index.php?rest_route=\/wp\/v2\/pages\/307"}],"collection":[{"href":"https:\/\/weissermilan.de\/index.php?rest_route=\/wp\/v2\/pages"}],"about":[{"href":"https:\/\/weissermilan.de\/index.php?rest_route=\/wp\/v2\/types\/page"}],"author":[{"embeddable":true,"href":"https:\/\/weissermilan.de\/index.php?rest_route=\/wp\/v2\/users\/1"}],"replies":[{"embeddable":true,"href":"https:\/\/weissermilan.de\/index.php?rest_route=%2Fwp%2Fv2%2Fcomments&post=307"}],"version-history":[{"count":10,"href":"https:\/\/weissermilan.de\/index.php?rest_route=\/wp\/v2\/pages\/307\/revisions"}],"predecessor-version":[{"id":891,"href":"https:\/\/weissermilan.de\/index.php?rest_route=\/wp\/v2\/pages\/307\/revisions\/891"}],"up":[{"embeddable":true,"href":"https:\/\/weissermilan.de\/index.php?rest_route=\/wp\/v2\/pages\/212"}],"wp:attachment":[{"href":"https:\/\/weissermilan.de\/index.php?rest_route=%2Fwp%2Fv2%2Fmedia&parent=307"}],"curies":[{"name":"wp","href":"https:\/\/api.w.org\/{rel}","templated":true}]}}