{"id":720,"date":"2020-07-31T10:44:22","date_gmt":"2020-07-31T08:44:22","guid":{"rendered":"https:\/\/weissermilan.de\/?page_id=720"},"modified":"2020-08-11T14:45:45","modified_gmt":"2020-08-11T12:45:45","slug":"downloads","status":"publish","type":"page","link":"https:\/\/weissermilan.de\/?page_id=720","title":{"rendered":"Downloads"},"content":{"rendered":"\n<div class=\"wp-block-columns\">\n<div class=\"wp-block-column is-vertically-aligned-center\">\n<div class=\"wp-block-file\"><a href=\"https:\/\/weissermilan.de\/wp-content\/uploads\/2020\/07\/200616Anschussscheibe-A4.pdf\">Anschussscheibe DIN A4<\/a><a href=\"https:\/\/weissermilan.de\/wp-content\/uploads\/2020\/07\/200616Anschussscheibe-A4.pdf\" class=\"wp-block-file__button\" download>Herunterladen<\/a><\/div>\n\n\n\n<p>Eine Anleitung zur Verwendung der Anschussscheibe ist <a href=\"https:\/\/weissermilan.de\/?page_id=814\">hier<\/a> zu finden.<\/p>\n<\/div>\n\n\n\n<div class=\"wp-block-column is-vertically-aligned-center\">\n<figure class=\"wp-block-image size-large\"><img loading=\"lazy\" width=\"215\" height=\"300\" src=\"https:\/\/weissermilan.de\/wp-content\/uploads\/2020\/07\/200616Anschussscheibe-A4.png\" alt=\"\" class=\"wp-image-727\"\/><\/figure>\n\n\n\n\n<\/div>\n<\/div>\n\n\n\n<div class=\"wp-block-columns\">\n<div class=\"wp-block-column is-vertically-aligned-center\">\n<div class=\"wp-block-file\"><a href=\"https:\/\/weissermilan.de\/wp-content\/uploads\/2020\/07\/200701Rohrbuch-A6.pdf\">Rohrbuch DIN A6<\/a><a href=\"https:\/\/weissermilan.de\/wp-content\/uploads\/2020\/07\/200701Rohrbuch-A6.pdf\" class=\"wp-block-file__button\" download>Herunterladen<\/a><\/div>\n\n\n\n<p>Das Rohrbuch kann direkt auf Papier im DIN A6 Format gedruckt werden. Alternativ k\u00f6nnen mit der Auswahl &#8222;Mehrere Seiten pro Blatt&#8220; vier Seiten auf ein DIN A4 Blatt gedruckt und anschlie\u00dfend ausgeschnitten werden. Eine Anleitung zum Rohrbuch befindet sich <a href=\"https:\/\/weissermilan.de\/?page_id=811\">hier<\/a>.<\/p>\n<\/div>\n\n\n\n<div class=\"wp-block-column is-vertically-aligned-center\">\n<figure class=\"wp-block-image size-large\"><img loading=\"lazy\" width=\"432\" height=\"300\" src=\"https:\/\/weissermilan.de\/wp-content\/uploads\/2020\/07\/200701Rohrbuch-A6.png\" alt=\"\" class=\"wp-image-728\" srcset=\"https:\/\/weissermilan.de\/wp-content\/uploads\/2020\/07\/200701Rohrbuch-A6.png 432w, https:\/\/weissermilan.de\/wp-content\/uploads\/2020\/07\/200701Rohrbuch-A6-300x208.png 300w\" sizes=\"(max-width: 432px) 100vw, 432px\" \/><\/figure>\n<\/div>\n<\/div>\n\n\n\n<div class=\"wp-block-columns\">\n<div class=\"wp-block-column is-vertically-aligned-center\">\n<div class=\"wp-block-file\"><a href=\"https:\/\/weissermilan.de\/wp-content\/uploads\/2020\/07\/200730Trefferdokumentation.pdf\">Trefferdokumentation<\/a><a href=\"https:\/\/weissermilan.de\/wp-content\/uploads\/2020\/07\/200730Trefferdokumentation.pdf\" class=\"wp-block-file__button\" download>Herunterladen<\/a><\/div>\n\n\n\n<p>Die Vorlagen f\u00fcr die Trefferdokumentation k\u00f6nnen wie das Rohrbuch direkt auf DIN A6 Bl\u00e4tter gedruckt werden. Eine Anleitung zur Trefferdokumentation befindet sich <a href=\"https:\/\/weissermilan.de\/?page_id=814\">hier<\/a>.<\/p>\n<\/div>\n\n\n\n<div class=\"wp-block-column is-vertically-aligned-center\">\n<figure class=\"wp-block-image size-large\"><img loading=\"lazy\" width=\"439\" height=\"300\" src=\"https:\/\/weissermilan.de\/wp-content\/uploads\/2020\/07\/200731Trefferdokumentation.png\" alt=\"\" class=\"wp-image-732\" srcset=\"https:\/\/weissermilan.de\/wp-content\/uploads\/2020\/07\/200731Trefferdokumentation.png 439w, https:\/\/weissermilan.de\/wp-content\/uploads\/2020\/07\/200731Trefferdokumentation-300x205.png 300w\" sizes=\"(max-width: 439px) 100vw, 439px\" \/><\/figure>\n\n\n\n\n<\/div>\n<\/div>\n\n\n\n<p>Die zum Download bereitgestellten PDF-Dateien d\u00fcrfen f\u00fcr die private Nutzung verwendet und in unver\u00e4nderter Form auch weitergegeben werden.<\/p>\n","protected":false},"excerpt":{"rendered":"<p>Eine Anleitung zur Verwendung der Anschussscheibe ist hier zu finden. Das Rohrbuch kann direkt auf Papier im DIN A6 Format gedruckt werden. Alternativ k\u00f6nnen mit der Auswahl &#8222;Mehrere Seiten pro&hellip;<\/p>\n<div class=\"read-more-wrap\"><a class=\"read-more\" href=\"https:\/\/weissermilan.de\/?page_id=720\">Read More<\/a><\/div>\n","protected":false},"author":1,"featured_media":0,"parent":0,"menu_order":0,"comment_status":"closed","ping_status":"closed","template":"","meta":[],"yoast_head":"<!-- This site is optimized with the Yoast SEO plugin v19.4 - https:\/\/yoast.com\/wordpress\/plugins\/seo\/ -->\n<title>Downloads<\/title>\n<meta name=\"robots\" content=\"index, follow, max-snippet:-1, max-image-preview:large, max-video-preview:-1\" \/>\n<link rel=\"canonical\" href=\"https:\/\/weissermilan.de\/?page_id=720\" \/>\n<meta property=\"og:locale\" content=\"de_DE\" \/>\n<meta property=\"og:type\" content=\"article\" \/>\n<meta property=\"og:title\" content=\"Downloads\" \/>\n<meta property=\"og:description\" content=\"Eine Anleitung zur Verwendung der Anschussscheibe ist hier zu finden. Das Rohrbuch kann direkt auf Papier im DIN A6 Format gedruckt werden. Alternativ k\u00f6nnen mit der Auswahl &#8222;Mehrere Seiten pro&hellip;Read More\" \/>\n<meta property=\"og:url\" content=\"https:\/\/weissermilan.de\/?page_id=720\" \/>\n<meta property=\"article:modified_time\" content=\"2020-08-11T12:45:45+00:00\" \/>\n<meta property=\"og:image\" content=\"https:\/\/weissermilan.de\/wp-content\/uploads\/2020\/07\/200616Anschussscheibe-A4.png\" \/>\n<meta name=\"twitter:card\" content=\"summary_large_image\" \/>\n<meta name=\"twitter:label1\" content=\"Gesch\u00e4tzte Lesezeit\" \/>\n\t<meta name=\"twitter:data1\" content=\"1\u00a0Minute\" \/>\n<script type=\"application\/ld+json\" class=\"yoast-schema-graph\">{\"@context\":\"https:\/\/schema.org\",\"@graph\":[{\"@type\":\"Organization\",\"@id\":\"https:\/\/weissermilan.de\/#organization\",\"name\":\"WeisserMilan.de\",\"url\":\"https:\/\/weissermilan.de\/\",\"sameAs\":[],\"logo\":{\"@type\":\"ImageObject\",\"inLanguage\":\"de\",\"@id\":\"https:\/\/weissermilan.de\/#\/schema\/logo\/image\/\",\"url\":\"https:\/\/weissermilan.de\/wp-content\/uploads\/2018\/07\/milanlogo_transp.gif\",\"contentUrl\":\"https:\/\/weissermilan.de\/wp-content\/uploads\/2018\/07\/milanlogo_transp.gif\",\"width\":788,\"height\":788,\"caption\":\"WeisserMilan.de\"},\"image\":{\"@id\":\"https:\/\/weissermilan.de\/#\/schema\/logo\/image\/\"}},{\"@type\":\"WebSite\",\"@id\":\"https:\/\/weissermilan.de\/#website\",\"url\":\"https:\/\/weissermilan.de\/\",\"name\":\"\",\"description\":\"\",\"publisher\":{\"@id\":\"https:\/\/weissermilan.de\/#organization\"},\"potentialAction\":[{\"@type\":\"SearchAction\",\"target\":{\"@type\":\"EntryPoint\",\"urlTemplate\":\"https:\/\/weissermilan.de\/?s={search_term_string}\"},\"query-input\":\"required name=search_term_string\"}],\"inLanguage\":\"de\"},{\"@type\":\"WebPage\",\"@id\":\"https:\/\/weissermilan.de\/?page_id=720\",\"url\":\"https:\/\/weissermilan.de\/?page_id=720\",\"name\":\"Downloads\",\"isPartOf\":{\"@id\":\"https:\/\/weissermilan.de\/#website\"},\"datePublished\":\"2020-07-31T08:44:22+00:00\",\"dateModified\":\"2020-08-11T12:45:45+00:00\",\"breadcrumb\":{\"@id\":\"https:\/\/weissermilan.de\/?page_id=720#breadcrumb\"},\"inLanguage\":\"de\",\"potentialAction\":[{\"@type\":\"ReadAction\",\"target\":[\"https:\/\/weissermilan.de\/?page_id=720\"]}]},{\"@type\":\"BreadcrumbList\",\"@id\":\"https:\/\/weissermilan.de\/?page_id=720#breadcrumb\",\"itemListElement\":[{\"@type\":\"ListItem\",\"position\":1,\"name\":\"Startseite\",\"item\":\"https:\/\/weissermilan.de\/\"},{\"@type\":\"ListItem\",\"position\":2,\"name\":\"Downloads\"}]}]}<\/script>\n<!-- \/ Yoast SEO plugin. -->","yoast_head_json":{"title":"Downloads","robots":{"index":"index","follow":"follow","max-snippet":"max-snippet:-1","max-image-preview":"max-image-preview:large","max-video-preview":"max-video-preview:-1"},"canonical":"https:\/\/weissermilan.de\/?page_id=720","og_locale":"de_DE","og_type":"article","og_title":"Downloads","og_description":"Eine Anleitung zur Verwendung der Anschussscheibe ist hier zu finden. Das Rohrbuch kann direkt auf Papier im DIN A6 Format gedruckt werden. Alternativ k\u00f6nnen mit der Auswahl &#8222;Mehrere Seiten pro&hellip;Read More","og_url":"https:\/\/weissermilan.de\/?page_id=720","article_modified_time":"2020-08-11T12:45:45+00:00","og_image":[{"url":"https:\/\/weissermilan.de\/wp-content\/uploads\/2020\/07\/200616Anschussscheibe-A4.png"}],"twitter_card":"summary_large_image","twitter_misc":{"Gesch\u00e4tzte Lesezeit":"1\u00a0Minute"},"schema":{"@context":"https:\/\/schema.org","@graph":[{"@type":"Organization","@id":"https:\/\/weissermilan.de\/#organization","name":"WeisserMilan.de","url":"https:\/\/weissermilan.de\/","sameAs":[],"logo":{"@type":"ImageObject","inLanguage":"de","@id":"https:\/\/weissermilan.de\/#\/schema\/logo\/image\/","url":"https:\/\/weissermilan.de\/wp-content\/uploads\/2018\/07\/milanlogo_transp.gif","contentUrl":"https:\/\/weissermilan.de\/wp-content\/uploads\/2018\/07\/milanlogo_transp.gif","width":788,"height":788,"caption":"WeisserMilan.de"},"image":{"@id":"https:\/\/weissermilan.de\/#\/schema\/logo\/image\/"}},{"@type":"WebSite","@id":"https:\/\/weissermilan.de\/#website","url":"https:\/\/weissermilan.de\/","name":"","description":"","publisher":{"@id":"https:\/\/weissermilan.de\/#organization"},"potentialAction":[{"@type":"SearchAction","target":{"@type":"EntryPoint","urlTemplate":"https:\/\/weissermilan.de\/?s={search_term_string}"},"query-input":"required name=search_term_string"}],"inLanguage":"de"},{"@type":"WebPage","@id":"https:\/\/weissermilan.de\/?page_id=720","url":"https:\/\/weissermilan.de\/?page_id=720","name":"Downloads","isPartOf":{"@id":"https:\/\/weissermilan.de\/#website"},"datePublished":"2020-07-31T08:44:22+00:00","dateModified":"2020-08-11T12:45:45+00:00","breadcrumb":{"@id":"https:\/\/weissermilan.de\/?page_id=720#breadcrumb"},"inLanguage":"de","potentialAction":[{"@type":"ReadAction","target":["https:\/\/weissermilan.de\/?page_id=720"]}]},{"@type":"BreadcrumbList","@id":"https:\/\/weissermilan.de\/?page_id=720#breadcrumb","itemListElement":[{"@type":"ListItem","position":1,"name":"Startseite","item":"https:\/\/weissermilan.de\/"},{"@type":"ListItem","position":2,"name":"Downloads"}]}]}},"_links":{"self":[{"href":"https:\/\/weissermilan.de\/index.php?rest_route=\/wp\/v2\/pages\/720"}],"collection":[{"href":"https:\/\/weissermilan.de\/index.php?rest_route=\/wp\/v2\/pages"}],"about":[{"href":"https:\/\/weissermilan.de\/index.php?rest_route=\/wp\/v2\/types\/page"}],"author":[{"embeddable":true,"href":"https:\/\/weissermilan.de\/index.php?rest_route=\/wp\/v2\/users\/1"}],"replies":[{"embeddable":true,"href":"https:\/\/weissermilan.de\/index.php?rest_route=%2Fwp%2Fv2%2Fcomments&post=720"}],"version-history":[{"count":6,"href":"https:\/\/weissermilan.de\/index.php?rest_route=\/wp\/v2\/pages\/720\/revisions"}],"predecessor-version":[{"id":924,"href":"https:\/\/weissermilan.de\/index.php?rest_route=\/wp\/v2\/pages\/720\/revisions\/924"}],"wp:attachment":[{"href":"https:\/\/weissermilan.de\/index.php?rest_route=%2Fwp%2Fv2%2Fmedia&parent=720"}],"curies":[{"name":"wp","href":"https:\/\/api.w.org\/{rel}","templated":true}]}}